{"id":986,"date":"2023-04-25T15:06:34","date_gmt":"2023-04-25T15:06:34","guid":{"rendered":"https:\/\/jvl.es\/sobre-jvl\/"},"modified":"2023-06-16T16:06:42","modified_gmt":"2023-06-16T16:06:42","slug":"sobre-jvl","status":"publish","type":"page","link":"https:\/\/jvl.es\/ca\/sobre-jvl\/","title":{"rendered":"Sobre JVL"},"content":{"rendered":"\t\t<div data-elementor-type=\"wp-page\" data-elementor-id=\"986\" class=\"elementor elementor-986 elementor-209\" data-elementor-post-type=\"page\">\n\t\t\t\t\t\t<section class=\"elementor-section elementor-top-section elementor-element elementor-element-6237882d elementor-section-height-min-height elementor-section-boxed elementor-section-height-default elementor-section-items-middle\" data-id=\"6237882d\" data-element_type=\"section\" data-settings=\"{&quot;background_background&quot;:&quot;classic&quot;}\">\n\t\t\t\t\t\t\t<div class=\"elementor-background-overlay\"><\/div>\n\t\t\t\t\t\t\t<div class=\"elementor-container elementor-column-gap-default\">\n\t\t\t\t\t<div class=\"elementor-column elementor-col-100 elementor-top-column elementor-element elementor-element-29fb533\" data-id=\"29fb533\" data-element_type=\"column\">\n\t\t\t<div class=\"elementor-widget-wrap elementor-element-populated\">\n\t\t\t\t\t\t\t<\/div>\n\t\t<\/div>\n\t\t\t\t\t<\/div>\n\t\t<\/section>\n\t\t\t\t<section class=\"elementor-section elementor-top-section elementor-element elementor-element-d8cd6bd elementor-section-full_width elementor-section-stretched elementor-section-height-default elementor-section-height-default\" data-id=\"d8cd6bd\" data-element_type=\"section\" data-settings=\"{&quot;stretch_section&quot;:&quot;section-stretched&quot;}\">\n\t\t\t\t\t\t<div class=\"elementor-container elementor-column-gap-default\">\n\t\t\t\t\t<div class=\"elementor-column elementor-col-50 elementor-top-column elementor-element elementor-element-1699ee0\" data-id=\"1699ee0\" data-element_type=\"column\">\n\t\t\t<div class=\"elementor-widget-wrap elementor-element-populated\">\n\t\t\t\t\t\t<div class=\"elementor-element elementor-element-134c595 elementor-widget elementor-widget-image\" data-id=\"134c595\" data-element_type=\"widget\" data-settings=\"{&quot;ekit_we_effect_on&quot;:&quot;none&quot;}\" data-widget_type=\"image.default\">\n\t\t\t\t<div class=\"elementor-widget-container\">\n\t\t\t\t\t\t\t\t\t\t\t\t\t\t\t<img fetchpriority=\"high\" decoding=\"async\" width=\"455\" height=\"600\" src=\"https:\/\/jvl.es\/wp-content\/uploads\/2023\/04\/3330c18a-c4f9-43e5-85d5-0a12fbfedb90.jpg\" class=\"attachment-large size-large wp-image-83\" alt=\"\" srcset=\"https:\/\/jvl.es\/wp-content\/uploads\/2023\/04\/3330c18a-c4f9-43e5-85d5-0a12fbfedb90.jpg 455w, https:\/\/jvl.es\/wp-content\/uploads\/2023\/04\/3330c18a-c4f9-43e5-85d5-0a12fbfedb90-228x300.jpg 228w\" sizes=\"(max-width: 455px) 100vw, 455px\" \/>\t\t\t\t\t\t\t\t\t\t\t\t\t\t\t<\/div>\n\t\t\t\t<\/div>\n\t\t\t\t\t<\/div>\n\t\t<\/div>\n\t\t\t\t<div class=\"elementor-column elementor-col-50 elementor-top-column elementor-element elementor-element-18fea88\" data-id=\"18fea88\" data-element_type=\"column\">\n\t\t\t<div class=\"elementor-widget-wrap elementor-element-populated\">\n\t\t\t\t\t\t<div class=\"elementor-element elementor-element-56f2d6e elementor-widget elementor-widget-heading\" data-id=\"56f2d6e\" data-element_type=\"widget\" data-settings=\"{&quot;ekit_we_effect_on&quot;:&quot;none&quot;}\" data-widget_type=\"heading.default\">\n\t\t\t\t<div class=\"elementor-widget-container\">\n\t\t\t\t\t<h2 class=\"elementor-heading-title elementor-size-default\">Valero Llorca, Javier  <\/h2>\t\t\t\t<\/div>\n\t\t\t\t<\/div>\n\t\t\t\t<div class=\"elementor-element elementor-element-876a44e elementor-widget elementor-widget-text-editor\" data-id=\"876a44e\" data-element_type=\"widget\" data-settings=\"{&quot;ekit_we_effect_on&quot;:&quot;none&quot;}\" data-widget_type=\"text-editor.default\">\n\t\t\t\t<div class=\"elementor-widget-container\">\n\t\t\t\t\t\t\t\t\t<p>Llicenciat en Dret a la Universitat de Val\u00e8ncia 1983-1988. M\u00e0ster en Dret Mar\u00edtim el 1990-1991 cursat a l&#8217;Institut Mar\u00edtim Espanyol en col\u00b7laboraci\u00f3 amb l&#8217;ICADE. Curs de Pr\u00e0ctica Jur\u00eddica a l&#8217;ICAV el 1991-1992. 2007-2008. M\u00e0ster en Mediaci\u00f3 l&#8217;any 2007-2008 per la Universitat Cardenal Herrera CEU San Pablo juntament amb l&#8217;ICAV. Curs d&#8217;especialista en Mediaci\u00f3 Mercantil l&#8217;any 2012 per la Universitat Cardenal Herrera CEU San Pablo juntament amb l&#8217;ICAV.<\/p>\n<p>Advocat en exercici des de 1992. He treballat durant 24 anys en un despatx d&#8217;advocats col\u00b7lectiu i des de l&#8217;any 2016 tinc despatx propi treballant principalment com a advocat extern del Grup Aguas de Valencia. Mediador des del 2008-2009. Co-creador de la Secci\u00f3 de Mediaci\u00f3 de l&#8217;ICAV i mediador del CMICAV, fins al 2018 \u00e9s l&#8217;editor de la seva p\u00e0gina web. Col\u00b7laborador de l&#8217;empresa de mediaci\u00f3 LOGOS MEDIA de Barcelona.<\/p>\n\t\t\t\t\t\t\t\t<\/div>\n\t\t\t\t<\/div>\n\t\t\t\t\t<\/div>\n\t\t<\/div>\n\t\t\t\t\t<\/div>\n\t\t<\/section>\n\t\t\t\t<section class=\"elementor-section elementor-top-section elementor-element elementor-element-3a834e2 elementor-section-full_width elementor-section-stretched elementor-section-height-default elementor-section-height-default\" data-id=\"3a834e2\" data-element_type=\"section\" data-settings=\"{&quot;stretch_section&quot;:&quot;section-stretched&quot;}\">\n\t\t\t\t\t\t<div class=\"elementor-container elementor-column-gap-default\">\n\t\t\t\t\t<div class=\"elementor-column elementor-col-100 elementor-top-column elementor-element elementor-element-6c89b44\" data-id=\"6c89b44\" data-element_type=\"column\">\n\t\t\t<div class=\"elementor-widget-wrap elementor-element-populated\">\n\t\t\t\t\t\t<div class=\"elementor-element elementor-element-629fbde elementor-widget elementor-widget-text-editor\" data-id=\"629fbde\" data-element_type=\"widget\" data-settings=\"{&quot;ekit_we_effect_on&quot;:&quot;none&quot;}\" data-widget_type=\"text-editor.default\">\n\t\t\t\t<div class=\"elementor-widget-container\">\n\t\t\t\t\t\t\t\t\t<p>Mediador del Servei d&#8217;Orientaci\u00f3 i Mediaci\u00f3 (SOM) de la Generalitat Valenciana derivat de la Llei de Mediaci\u00f3 de la Comunitat Valenciana del 2019 que gestiona la Presid\u00e8ncia de l&#8217;Audi\u00e8ncia Provincial de Val\u00e8ncia.<\/p>\n<p>He estat professor tutor a la UNED, centre de Val\u00e8ncia. He impartit des del 2009 classes de dret processal civil i de Mediaci\u00f3 a la Universitat Europea de Val\u00e8ncia, i M\u00e0ster de l&#8217;Advocacia de l&#8217;ICAV. He impartit Tallers, Confer\u00e8ncies i Jornades de Mediaci\u00f3 a Val\u00e8ncia, Alacant, Castell\u00f3 i Barcelona.<\/p>\n\t\t\t\t\t\t\t\t<\/div>\n\t\t\t\t<\/div>\n\t\t\t\t\t<\/div>\n\t\t<\/div>\n\t\t\t\t\t<\/div>\n\t\t<\/section>\n\t\t\t\t<section class=\"elementor-section elementor-top-section elementor-element elementor-element-efc0667 elementor-section-full_width elementor-section-stretched elementor-section-height-default elementor-section-height-default\" data-id=\"efc0667\" data-element_type=\"section\" data-settings=\"{&quot;stretch_section&quot;:&quot;section-stretched&quot;}\">\n\t\t\t\t\t\t<div class=\"elementor-container elementor-column-gap-default\">\n\t\t\t\t\t<div class=\"elementor-column elementor-col-50 elementor-top-column elementor-element elementor-element-ef4af1a\" data-id=\"ef4af1a\" data-element_type=\"column\">\n\t\t\t<div class=\"elementor-widget-wrap elementor-element-populated\">\n\t\t\t\t\t\t<div class=\"elementor-element elementor-element-7cdd5be elementor-widget elementor-widget-text-editor\" data-id=\"7cdd5be\" data-element_type=\"widget\" data-settings=\"{&quot;ekit_we_effect_on&quot;:&quot;none&quot;}\" data-widget_type=\"text-editor.default\">\n\t\t\t\t<div class=\"elementor-widget-container\">\n\t\t\t\t\t\t\t\t\t<p>Membre del Comit\u00e8 Col\u00b7laborador del F\u00f2rum mundial de Mediaci\u00f3 celebrat l&#8217;octubre del 2012 a Val\u00e8ncia, participant en una pon\u00e8ncia sobre qualitat de la mediaci\u00f3 i en una taula rodona sobre mediaci\u00f3 Espanya-M\u00e8xic i publicaci\u00f3 de dos articles a les mem\u00f2ries del f\u00f2rum.<\/p>\n<p>Autor d&#8217;articles i publicacions nacionals. Coautor article sobre mediaci\u00f3 en drogodepend\u00e8ncies a la Revista Espanyola de Drogodepend\u00e8ncies. Coautor article sobre responsabilitat del mediador al diari La Ley. Co-autor comentari d&#8217;una sent\u00e8ncia de mediaci\u00f3 a la Revista de Dret Patrimonial d&#8217;Aranzadi. Coautor Article sobre Principis Psicol\u00f2gics de la Mediaci\u00f3 al Llibre Mediaci\u00f3 en l&#8217;\u00e0mbit civil, familiar, penal i hipotecari, q\u00fcestions d&#8217;actualitat.<\/p>\n<p>Autor Cap\u00edtol sobre Arbitratge i Mediaci\u00f3 en Tractat de Dret de Successions.<\/p>\n\t\t\t\t\t\t\t\t<\/div>\n\t\t\t\t<\/div>\n\t\t\t\t\t<\/div>\n\t\t<\/div>\n\t\t\t\t<div class=\"elementor-column elementor-col-50 elementor-top-column elementor-element elementor-element-325557e\" data-id=\"325557e\" data-element_type=\"column\">\n\t\t\t<div class=\"elementor-widget-wrap elementor-element-populated\">\n\t\t\t\t\t\t<div class=\"elementor-element elementor-element-90516e1 elementor-widget elementor-widget-image\" data-id=\"90516e1\" data-element_type=\"widget\" data-settings=\"{&quot;ekit_we_effect_on&quot;:&quot;none&quot;}\" data-widget_type=\"image.default\">\n\t\t\t\t<div class=\"elementor-widget-container\">\n\t\t\t\t\t\t\t\t\t\t\t\t\t\t\t<img decoding=\"async\" width=\"800\" height=\"882\" src=\"https:\/\/jvl.es\/wp-content\/uploads\/2023\/05\/foto3-929x1024.jpg\" class=\"attachment-large size-large wp-image-784\" alt=\"\" srcset=\"https:\/\/jvl.es\/wp-content\/uploads\/2023\/05\/foto3-929x1024.jpg 929w, https:\/\/jvl.es\/wp-content\/uploads\/2023\/05\/foto3-272x300.jpg 272w, https:\/\/jvl.es\/wp-content\/uploads\/2023\/05\/foto3-768x847.jpg 768w, https:\/\/jvl.es\/wp-content\/uploads\/2023\/05\/foto3-1393x1536.jpg 1393w, https:\/\/jvl.es\/wp-content\/uploads\/2023\/05\/foto3.jpg 1451w\" sizes=\"(max-width: 800px) 100vw, 800px\" \/>\t\t\t\t\t\t\t\t\t\t\t\t\t\t\t<\/div>\n\t\t\t\t<\/div>\n\t\t\t\t\t<\/div>\n\t\t<\/div>\n\t\t\t\t\t<\/div>\n\t\t<\/section>\n\t\t\t\t<section class=\"elementor-section elementor-top-section elementor-element elementor-element-ad16672 elementor-section-full_width elementor-section-stretched elementor-section-height-default elementor-section-height-default\" data-id=\"ad16672\" data-element_type=\"section\" data-settings=\"{&quot;stretch_section&quot;:&quot;section-stretched&quot;}\">\n\t\t\t\t\t\t<div class=\"elementor-container elementor-column-gap-default\">\n\t\t\t\t\t<div class=\"elementor-column elementor-col-50 elementor-top-column elementor-element elementor-element-6882c6a\" data-id=\"6882c6a\" data-element_type=\"column\">\n\t\t\t<div class=\"elementor-widget-wrap elementor-element-populated\">\n\t\t\t\t\t\t<div class=\"elementor-element elementor-element-d2bdad7 elementor-widget elementor-widget-image\" data-id=\"d2bdad7\" data-element_type=\"widget\" data-settings=\"{&quot;ekit_we_effect_on&quot;:&quot;none&quot;}\" data-widget_type=\"image.default\">\n\t\t\t\t<div class=\"elementor-widget-container\">\n\t\t\t\t\t\t\t\t\t\t\t\t\t\t\t<img decoding=\"async\" width=\"800\" height=\"598\" src=\"https:\/\/jvl.es\/wp-content\/uploads\/2023\/04\/724464a3-d434-44cd-bfbc-bfca1ba7ada7-1024x765.jpg\" class=\"attachment-large size-large wp-image-687\" alt=\"\" srcset=\"https:\/\/jvl.es\/wp-content\/uploads\/2023\/04\/724464a3-d434-44cd-bfbc-bfca1ba7ada7-1024x765.jpg 1024w, https:\/\/jvl.es\/wp-content\/uploads\/2023\/04\/724464a3-d434-44cd-bfbc-bfca1ba7ada7-300x224.jpg 300w, https:\/\/jvl.es\/wp-content\/uploads\/2023\/04\/724464a3-d434-44cd-bfbc-bfca1ba7ada7-768x574.jpg 768w, https:\/\/jvl.es\/wp-content\/uploads\/2023\/04\/724464a3-d434-44cd-bfbc-bfca1ba7ada7.jpg 1446w\" sizes=\"(max-width: 800px) 100vw, 800px\" \/>\t\t\t\t\t\t\t\t\t\t\t\t\t\t\t<\/div>\n\t\t\t\t<\/div>\n\t\t\t\t\t<\/div>\n\t\t<\/div>\n\t\t\t\t<div class=\"elementor-column elementor-col-50 elementor-top-column elementor-element elementor-element-74a77dd\" data-id=\"74a77dd\" data-element_type=\"column\">\n\t\t\t<div class=\"elementor-widget-wrap elementor-element-populated\">\n\t\t\t\t\t\t<div class=\"elementor-element elementor-element-5881239 elementor-widget elementor-widget-image\" data-id=\"5881239\" data-element_type=\"widget\" data-settings=\"{&quot;ekit_we_effect_on&quot;:&quot;none&quot;}\" data-widget_type=\"image.default\">\n\t\t\t\t<div class=\"elementor-widget-container\">\n\t\t\t\t\t\t\t\t\t\t\t\t\t\t\t<img loading=\"lazy\" decoding=\"async\" width=\"800\" height=\"533\" src=\"https:\/\/jvl.es\/wp-content\/uploads\/2023\/04\/d2a22e8e-b5ce-49a2-b160-c5f4d7ec5c0c-1024x682.jpg\" class=\"attachment-large size-large wp-image-688\" alt=\"\" srcset=\"https:\/\/jvl.es\/wp-content\/uploads\/2023\/04\/d2a22e8e-b5ce-49a2-b160-c5f4d7ec5c0c-1024x682.jpg 1024w, https:\/\/jvl.es\/wp-content\/uploads\/2023\/04\/d2a22e8e-b5ce-49a2-b160-c5f4d7ec5c0c-300x200.jpg 300w, https:\/\/jvl.es\/wp-content\/uploads\/2023\/04\/d2a22e8e-b5ce-49a2-b160-c5f4d7ec5c0c-768x511.jpg 768w, https:\/\/jvl.es\/wp-content\/uploads\/2023\/04\/d2a22e8e-b5ce-49a2-b160-c5f4d7ec5c0c.jpg 1029w\" sizes=\"(max-width: 800px) 100vw, 800px\" \/>\t\t\t\t\t\t\t\t\t\t\t\t\t\t\t<\/div>\n\t\t\t\t<\/div>\n\t\t\t\t\t<\/div>\n\t\t<\/div>\n\t\t\t\t\t<\/div>\n\t\t<\/section>\n\t\t\t\t<\/div>\n\t\t","protected":false},"excerpt":{"rendered":"<p>Valero Llorca, Javier Llicenciat en Dret a la Universitat de Val\u00e8ncia 1983-1988. M\u00e0ster en Dret Mar\u00edtim el 1990-1991 cursat a l&#8217;Institut Mar\u00edtim Espanyol en col\u00b7laboraci\u00f3 amb l&#8217;ICADE. Curs de Pr\u00e0ctica Jur\u00eddica a l&#8217;ICAV el 1991-1992. 2007-2008. M\u00e0ster en Mediaci\u00f3 l&#8217;any 2007-2008 per la Universitat Cardenal Herrera CEU San Pablo juntament amb l&#8217;ICAV. Curs d&#8217;especialista en [&hellip;]<\/p>\n","protected":false},"author":1,"featured_media":0,"parent":0,"menu_order":0,"comment_status":"closed","ping_status":"closed","template":"elementor_header_footer","meta":{"footnotes":""},"class_list":["post-986","page","type-page","status-publish","hentry"],"_links":{"self":[{"href":"https:\/\/jvl.es\/ca\/wp-json\/wp\/v2\/pages\/986","targetHints":{"allow":["GET"]}}],"collection":[{"href":"https:\/\/jvl.es\/ca\/wp-json\/wp\/v2\/pages"}],"about":[{"href":"https:\/\/jvl.es\/ca\/wp-json\/wp\/v2\/types\/page"}],"author":[{"embeddable":true,"href":"https:\/\/jvl.es\/ca\/wp-json\/wp\/v2\/users\/1"}],"replies":[{"embeddable":true,"href":"https:\/\/jvl.es\/ca\/wp-json\/wp\/v2\/comments?post=986"}],"version-history":[{"count":2,"href":"https:\/\/jvl.es\/ca\/wp-json\/wp\/v2\/pages\/986\/revisions"}],"predecessor-version":[{"id":988,"href":"https:\/\/jvl.es\/ca\/wp-json\/wp\/v2\/pages\/986\/revisions\/988"}],"wp:attachment":[{"href":"https:\/\/jvl.es\/ca\/wp-json\/wp\/v2\/media?parent=986"}],"curies":[{"name":"wp","href":"https:\/\/api.w.org\/{rel}","templated":true}]}}